{"id":25994977,"date":"2025-07-06T13:38:48","date_gmt":"2025-07-06T11:38:48","guid":{"rendered":"https:\/\/neovum.de\/pie-de-imprenta\/"},"modified":"2026-01-11T12:11:09","modified_gmt":"2026-01-11T11:11:09","slug":"pie-de-imprenta","status":"publish","type":"page","link":"https:\/\/neovum.de\/es\/pie-de-imprenta\/","title":{"rendered":"Pie de imprenta"},"content":{"rendered":"<p>[et_pb_section fb_built=\u00bb1&#8243; _builder_version=\u00bb4.27.4&#8243; _module_preset=\u00bbdefault\u00bb background_color=\u00bb#ffffff\u00bb background_enable_image=\u00bboff\u00bb background_size=\u00bbcustom\u00bb background_image_width=\u00bb31%\u00bb background_position=\u00bbtop_center\u00bb background_vertical_offset=\u00bb100%\u00bb background_enable_video_mp4=\u00bboff\u00bb custom_margin=\u00bb||0px||false|false\u00bb custom_padding=\u00bb5px||0px|||\u00bb locked=\u00bboff\u00bb global_colors_info=\u00bb{}\u00bb][et_pb_row column_structure=\u00bb1_3,2_3&#8243; _builder_version=\u00bb4.27.4&#8243; _module_preset=\u00bbdefault\u00bb custom_margin=\u00bb72px||72px||true|false\u00bb custom_margin_tablet=\u00bb72px||72px||true|false\u00bb custom_margin_phone=\u00bb20px||20px||true|false\u00bb custom_margin_last_edited=\u00bbon|phone\u00bb global_colors_info=\u00bb{}\u00bb][et_pb_column type=\u00bb1_3&#8243; _builder_version=\u00bb4.27.4&#8243; _module_preset=\u00bbdefault\u00bb global_colors_info=\u00bb{}\u00bb][dipi_dual_heading first_heading=\u00bbPie de imprenta\u00bb heading_tag=\u00bbh3&#8243; heading_display=\u00bbcolumn\u00bb fh_style=\u00bbbackground\u00bb fh_background_animation=\u00bbon\u00bb fh_background_animation_speed=\u00bb12&#8243; fh_background_animation_direction=\u00bbdipiBGHorizontal\u00bb fh_background_animation_function=\u00bbease-out\u00bb fh_background_style=\u00bbclipped\u00bb first_heading_color=\u00bb#04005e\u00bb first_heading_enable_image=\u00bboff\u00bb first_heading_position=\u00bbcenter_left\u00bb first_heading_horizontal_offset=\u00bb0%\u00bb fh_padding=\u00bb10px|0px|10px|0px|true|false\u00bb sh_padding=\u00bb0px|0px|10px|0px|false|false\u00bb heading_display_tablet=\u00bb\u00bb heading_display_phone=\u00bbcolumn\u00bb heading_display_last_edited=\u00bbon|desktop\u00bb sh_padding_tablet=\u00bb\u00bb sh_padding_phone=\u00bb\u00bb sh_padding_last_edited=\u00bbon|phone\u00bb _builder_version=\u00bb4.27.4&#8243; _module_preset=\u00bbdefault\u00bb first_heading_font=\u00bb&#8211;et_global_heading_font|500|||||||\u00bb first_heading_text_align=\u00bbleft\u00bb first_heading_text_color=\u00bb#15022A\u00bb first_heading_font_size=\u00bb34px\u00bb first_heading_line_height=\u00bb1em\u00bb second_heading_font=\u00bb&#8211;et_global_body_font|600|||||||\u00bb second_heading_text_align=\u00bbleft\u00bb second_heading_font_size=\u00bb30px\u00bb second_heading_line_height=\u00bb1em\u00bb background_text_text_align=\u00bbcenter\u00bb background_enable_image=\u00bboff\u00bb background_size=\u00bbcontain\u00bb background_position=\u00bbbottom_right\u00bb text_orientation=\u00bbleft\u00bb custom_margin=\u00bb0px||20px||false|false\u00bb custom_padding=\u00bb||||false|false\u00bb first_heading_font_size_tablet=\u00bb34px\u00bb first_heading_font_size_phone=\u00bb26px\u00bb first_heading_font_size_last_edited=\u00bbon|phone\u00bb locked=\u00bboff\u00bb global_colors_info=\u00bb{}\u00bb overlay_bg_color_gradient_type_tablet=\u00bblinear\u00bb overlay_bg_color_gradient_type_phone=\u00bblinear\u00bb overlay_bg_color_gradient_type__hover=\u00bblinear\u00bb image_bg_color_gradient_type__hover=\u00bblinear\u00bb custom_padding__hover_enabled=\u00bbon|desktop\u00bb custom_padding__hover=\u00bb||||false|false\u00bb][\/dipi_dual_heading][et_pb_text disabled_on=\u00bboff|off|off\u00bb _builder_version=\u00bb4.27.4&#8243; _module_preset=\u00bbdefault\u00bb text_text_color=\u00bb#040057&#8243; header_font=\u00bbMontserrat||||||||\u00bb header_font_size=\u00bb14px\u00bb custom_margin=\u00bb20px||0px||false|false\u00bb locked=\u00bboff\u00bb global_colors_info=\u00bb{}\u00bb]<\/p>\n<p style=\"text-align: left;\"><span style=\"font-weight: 500;\">Nombre de la empresa y domicilio social<\/span><\/p>\n<p>[\/et_pb_text][et_pb_text disabled_on=\u00bboff|off|off\u00bb _builder_version=\u00bb4.27.4&#8243; _module_preset=\u00bbdefault\u00bb text_font=\u00bb|300|||||||\u00bb text_text_color=\u00bb#040557&#8243; custom_margin=\u00bb0px||0px||false|false\u00bb custom_padding=\u00bb6px|||||\u00bb locked=\u00bboff\u00bb global_colors_info=\u00bb{}\u00bb]<\/p>\n<p style=\"text-align: left;\">NEOVUM SOLUTIONS SL<br \/>Calle Sof\u00f3ra 15,<br \/>28020 Madrid, <span> <\/span><span>Espa\u00f1a<br \/><\/span><span><\/span> NIF<span>&#8211; B75281642<br \/><\/span><\/p>\n<p>[\/et_pb_text][et_pb_text disabled_on=\u00bboff|off|off\u00bb _builder_version=\u00bb4.27.4&#8243; _module_preset=\u00bbdefault\u00bb text_text_color=\u00bb#040057&#8243; header_font=\u00bbMontserrat||||||||\u00bb header_font_size=\u00bb14px\u00bb custom_margin=\u00bb20px||0px||false|false\u00bb locked=\u00bboff\u00bb global_colors_info=\u00bb{}\u00bb]<\/p>\n<p style=\"text-align: left;\"><span style=\"font-weight: 500;\">Otras direcciones de correspondencia<\/span><\/p>\n<p>[\/et_pb_text][et_pb_text disabled_on=\u00bboff|off|off\u00bb _builder_version=\u00bb4.27.4&#8243; _module_preset=\u00bbdefault\u00bb text_font=\u00bb|300|||||||\u00bb text_text_color=\u00bb#040557&#8243; custom_margin=\u00bb0px||0px||false|false\u00bb custom_padding=\u00bb6px|||||\u00bb locked=\u00bboff\u00bb global_colors_info=\u00bb{}\u00bb]<\/p>\n<p style=\"text-align: left;\">DE &#8211; Am Hauptbahnhof 16, 60329 FFM<br \/>AT &#8211; An der ob. Alte Donau 23, 1210 VIE <\/p>\n<p>[\/et_pb_text][et_pb_text disabled_on=\u00bboff|off|off\u00bb _builder_version=\u00bb4.27.4&#8243; _module_preset=\u00bbdefault\u00bb text_text_color=\u00bb#040057&#8243; header_font=\u00bbMontserrat||||||||\u00bb header_font_size=\u00bb14px\u00bb custom_margin=\u00bb20px||0px||false|false\u00bb locked=\u00bboff\u00bb global_colors_info=\u00bb{}\u00bb]<\/p>\n<p style=\"text-align: left;\">Responsable del contenido<\/p>\n<p>[\/et_pb_text][et_pb_text disabled_on=\u00bboff|off|off\u00bb _builder_version=\u00bb4.27.4&#8243; _module_preset=\u00bbdefault\u00bb text_font=\u00bb|300|||||||\u00bb text_text_color=\u00bb#040557&#8243; custom_margin=\u00bb0px||0px||false|false\u00bb custom_padding=\u00bb6px|||||\u00bb locked=\u00bboff\u00bb global_colors_info=\u00bb{}\u00bb]<\/p>\n<p style=\"text-align: left;\">Tobias Poperl, M.A.<br \/><span style=\"color: #040057;\"><span \n                data-original-string='bdlvYHrjVZknSdSHdKSvNg==b99ZcPNI7sj1oLcc2BfSNTpwQ=='\n                class='apbct-email-encoder'\n                title='Este contacto ha sido codificado por Anti-Spam by CleanTalk. Haz clic para decodificar. Para finalizar la decodificaci\u00f3n, aseg\u00farate de que JavaScript est\u00e1 activado en tu navegador.'>he<span class=\"apbct-blur\">***<\/span>@<span class=\"apbct-blur\">****<\/span>um.de<\/span><\/span><br \/><span style=\"color: #040057;\">+49 69 38 02 97 690<\/span><\/p>\n<p>[\/et_pb_text][et_pb_text disabled_on=\u00bbon|on|off\u00bb _builder_version=\u00bb4.27.4&#8243; _module_preset=\u00bbdefault\u00bb text_text_color=\u00bb#040057&#8243; header_font=\u00bbMontserrat||||||||\u00bb header_font_size=\u00bb14px\u00bb custom_margin=\u00bb20px||0px||false|false\u00bb locked=\u00bboff\u00bb global_colors_info=\u00bb{}\u00bb][\/et_pb_text][\/et_pb_column][et_pb_column type=\u00bb2_3&#8243; _builder_version=\u00bb4.27.4&#8243; _module_preset=\u00bbdefault\u00bb global_colors_info=\u00bb{}\u00bb][et_pb_text disabled_on=\u00bboff|off|off\u00bb _builder_version=\u00bb4.27.4&#8243; _module_preset=\u00bbdefault\u00bb text_text_color=\u00bb#040057&#8243; header_font=\u00bbMontserrat||||||||\u00bb header_font_size=\u00bb14px\u00bb custom_margin=\u00bb20px||0px||false|false\u00bb locked=\u00bboff\u00bb global_colors_info=\u00bb{}\u00bb]<\/p>\n<p style=\"text-align: left;\"><span style=\"font-weight: 500;\">Responsabilidad por el contenido (\u00a7 7-10 TMG)<\/span><\/p>\n<p>[\/et_pb_text][et_pb_text disabled_on=\u00bboff|off|off\u00bb _builder_version=\u00bb4.27.4&#8243; _module_preset=\u00bbdefault\u00bb text_font=\u00bb|300|||||||\u00bb text_text_color=\u00bb#040557&#8243; custom_margin=\u00bb0px||0px||false|false\u00bb custom_padding=\u00bb6px|||||\u00bb locked=\u00bboff\u00bb global_colors_info=\u00bb{}\u00bb]<\/p>\n<p style=\"text-align: justify;\">Como proveedor de servicios, somos responsables de nuestro propio contenido en estas p\u00e1ginas de acuerdo con el art\u00edculo 7 (1) de la TMG (Ley alemana de Telemedia) y la legislaci\u00f3n general. Sin embargo, de acuerdo con los \u00a7\u00a7 8 a 10 de la TMG, no estamos obligados a controlar la informaci\u00f3n de terceros transmitida o almacenada, ni a investigar circunstancias que indiquen una actividad ilegal. Esto no afecta a las obligaciones de<br \/>de eliminar o bloquear el uso de informaci\u00f3n de acuerdo con las leyes generales. Sin embargo, la responsabilidad a este respecto s\u00f3lo es posible a partir del momento en que se tiene conocimiento de una infracci\u00f3n concreta. Tan pronto como tengamos conocimiento de tales infracciones, eliminaremos este contenido inmediatamente.    <\/p>\n<p>[\/et_pb_text][et_pb_text disabled_on=\u00bboff|off|off\u00bb _builder_version=\u00bb4.27.4&#8243; _module_preset=\u00bbdefault\u00bb text_text_color=\u00bb#040057&#8243; header_font=\u00bbMontserrat||||||||\u00bb header_font_size=\u00bb14px\u00bb custom_margin=\u00bb20px||0px||false|false\u00bb locked=\u00bboff\u00bb global_colors_info=\u00bb{}\u00bb]<\/p>\n<p style=\"text-align: left;\"><span style=\"font-weight: 500;\">Responsabilidad de los enlaces<\/span><\/p>\n<p>[\/et_pb_text][et_pb_text disabled_on=\u00bboff|off|off\u00bb _builder_version=\u00bb4.27.4&#8243; _module_preset=\u00bbdefault\u00bb text_font=\u00bb|300|||||||\u00bb text_text_color=\u00bb#040557&#8243; custom_margin=\u00bb0px||0px||false|false\u00bb custom_padding=\u00bb6px|||||\u00bb locked=\u00bboff\u00bb global_colors_info=\u00bb{}\u00bb]<\/p>\n<p style=\"text-align: justify;\">Nuestro sitio web contiene enlaces a sitios web externos de terceros sobre cuyo contenido no tenemos ninguna influencia. Por lo tanto, no podemos aceptar ninguna responsabilidad por este contenido de terceros. El respectivo proveedor u operador de las p\u00e1ginas es siempre responsable del contenido de las p\u00e1ginas enlazadas. Sin embargo, la supervisi\u00f3n permanente del contenido de las p\u00e1ginas enlazadas no es razonable sin pruebas concretas de una infracci\u00f3n. Si tenemos conocimiento de alguna infracci\u00f3n legal, eliminaremos dichos enlaces inmediatamente.    <\/p>\n<p>[\/et_pb_text][et_pb_text disabled_on=\u00bboff|off|off\u00bb _builder_version=\u00bb4.27.4&#8243; _module_preset=\u00bbdefault\u00bb text_text_color=\u00bb#040057&#8243; header_font=\u00bbMontserrat||||||||\u00bb header_font_size=\u00bb14px\u00bb custom_margin=\u00bb20px||0px||false|false\u00bb locked=\u00bboff\u00bb global_colors_info=\u00bb{}\u00bb]<\/p>\n<p style=\"text-align: left;\"><span style=\"font-weight: 500;\">Derechos de autor<\/span><\/p>\n<p>[\/et_pb_text][et_pb_text disabled_on=\u00bboff|off|off\u00bb _builder_version=\u00bb4.27.4&#8243; _module_preset=\u00bbdefault\u00bb text_font=\u00bb|300|||||||\u00bb text_text_color=\u00bb#040557&#8243; custom_margin=\u00bb0px||0px||false|false\u00bb custom_padding=\u00bb6px|||||\u00bb locked=\u00bboff\u00bb global_colors_info=\u00bb{}\u00bb]<\/p>\n<p style=\"text-align: justify;\">El contenido y las obras creadas por los operadores del sitio en estas p\u00e1ginas est\u00e1n sujetos a la ley alemana de derechos de autor y las contribuciones de terceros est\u00e1n etiquetadas como tales. La duplicaci\u00f3n, procesamiento, distribuci\u00f3n y cualquier forma de comercializaci\u00f3n de dicho material m\u00e1s all\u00e1 del alcance de la ley de derechos de autor requerir\u00e1 el consentimiento previo por escrito de su respectivo autor o creador. <\/p>\n<p>[\/et_pb_text][\/et_pb_column][\/et_pb_row][\/et_pb_section]<\/p>\n","protected":false},"excerpt":{"rendered":"<p><div class=\"et_pb_module dipi_dual_heading dipi_dual_heading_0\">\n\t\t\t\t\n\t\t\t\t\n\t\t\t\t\n\t\t\t\t\n\t\t\t\t\n\t\t\t\t\n\t\t\t\t<div class=\"et_pb_module_inner\">\n\t\t\t\t\t\n                <div class=\"dipi-dual-heading \">\n                    <h3 class=\"dipi-dh-main\">\n                        <span class=\"dipi-dh-first-heading\">\n                            <span class=\"dipi-dh-animation-container\">\n                                <span class=\"dipi-dh-bg-container\">\n                                    Pie de imprenta\n                                <\/span>\n                            <\/span>\n                        <\/span>\n                        <span class=\"dipi-dh-second-heading\">\n                            <span class=\"dipi-dh-animation-container\">\n                                <span class=\"dipi-dh-bg-container\">\n                                    \n                                <\/span>\n                            <\/span>\n                        <\/span>\n                    <\/h3>\n                <\/div>\n\t\t\t\t<\/div>\n\t\t\t<\/div>Nombre de la [&hellip;]<\/p>\n","protected":false},"author":1,"featured_media":0,"parent":0,"menu_order":0,"comment_status":"closed","ping_status":"closed","template":"","meta":{"_et_pb_use_builder":"on","_et_pb_old_content":"","_et_gb_content_width":"","footnotes":""},"dipi_cpt_category":[],"class_list":["post-25994977","page","type-page","status-publish","hentry"],"yoast_head":"<!-- This site is optimized with the Yoast SEO plugin v27.3 - https:\/\/yoast.com\/product\/yoast-seo-wordpress\/ -->\n<title>Transformaci\u00f3n digital con IA y marketing | neovum<\/title>\n<meta name=\"description\" content=\"Te apoyamos en tu transformaci\u00f3n digital, con consultor\u00eda digital personalizada, marketing basado en datos y soluciones de IA.\" \/>\n<meta name=\"robots\" content=\"noindex, follow\" \/>\n<meta property=\"og:locale\" content=\"es_ES\" \/>\n<meta property=\"og:type\" content=\"article\" \/>\n<meta property=\"og:title\" content=\"Transformaci\u00f3n digital con IA y marketing | neovum\" \/>\n<meta property=\"og:description\" content=\"Te apoyamos en tu transformaci\u00f3n digital, con consultor\u00eda digital personalizada, marketing basado en datos y soluciones de IA.\" \/>\n<meta property=\"og:url\" content=\"https:\/\/neovum.de\/es\/pie-de-imprenta\/\" \/>\n<meta property=\"og:site_name\" content=\"neovum\" \/>\n<meta property=\"article:modified_time\" content=\"2026-01-11T11:11:09+00:00\" \/>\n<meta name=\"twitter:card\" content=\"summary_large_image\" \/>\n<meta name=\"twitter:label1\" content=\"Tiempo de lectura\" \/>\n\t<meta name=\"twitter:data1\" content=\"6 minutos\" \/>\n<script type=\"application\/ld+json\" class=\"yoast-schema-graph\">{\"@context\":\"https:\\\/\\\/schema.org\",\"@graph\":[{\"@type\":\"WebPage\",\"@id\":\"https:\\\/\\\/neovum.de\\\/es\\\/pie-de-imprenta\\\/\",\"url\":\"https:\\\/\\\/neovum.de\\\/es\\\/pie-de-imprenta\\\/\",\"name\":\"Transformaci\u00f3n digital con IA y marketing | neovum\",\"isPartOf\":{\"@id\":\"https:\\\/\\\/neovum.de\\\/es\\\/#website\"},\"datePublished\":\"2025-07-06T11:38:48+00:00\",\"dateModified\":\"2026-01-11T11:11:09+00:00\",\"description\":\"Te apoyamos en tu transformaci\u00f3n digital, con consultor\u00eda digital personalizada, marketing basado en datos y soluciones de IA.\",\"breadcrumb\":{\"@id\":\"https:\\\/\\\/neovum.de\\\/es\\\/pie-de-imprenta\\\/#breadcrumb\"},\"inLanguage\":\"es\",\"potentialAction\":[{\"@type\":\"ReadAction\",\"target\":[\"https:\\\/\\\/neovum.de\\\/es\\\/pie-de-imprenta\\\/\"]}]},{\"@type\":\"BreadcrumbList\",\"@id\":\"https:\\\/\\\/neovum.de\\\/es\\\/pie-de-imprenta\\\/#breadcrumb\",\"itemListElement\":[{\"@type\":\"ListItem\",\"position\":1,\"name\":\"Startseite\",\"item\":\"https:\\\/\\\/neovum.de\\\/es\\\/\"},{\"@type\":\"ListItem\",\"position\":2,\"name\":\"Pie de imprenta\"}]},{\"@type\":\"WebSite\",\"@id\":\"https:\\\/\\\/neovum.de\\\/es\\\/#website\",\"url\":\"https:\\\/\\\/neovum.de\\\/es\\\/\",\"name\":\"neovum\",\"description\":\"\",\"publisher\":{\"@id\":\"https:\\\/\\\/neovum.de\\\/es\\\/#organization\"},\"potentialAction\":[{\"@type\":\"SearchAction\",\"target\":{\"@type\":\"EntryPoint\",\"urlTemplate\":\"https:\\\/\\\/neovum.de\\\/es\\\/?s={search_term_string}\"},\"query-input\":{\"@type\":\"PropertyValueSpecification\",\"valueRequired\":true,\"valueName\":\"search_term_string\"}}],\"inLanguage\":\"es\"},{\"@type\":\"Organization\",\"@id\":\"https:\\\/\\\/neovum.de\\\/es\\\/#organization\",\"name\":\"neovum\",\"url\":\"https:\\\/\\\/neovum.de\\\/es\\\/\",\"logo\":{\"@type\":\"ImageObject\",\"inLanguage\":\"es\",\"@id\":\"https:\\\/\\\/neovum.de\\\/es\\\/#\\\/schema\\\/logo\\\/image\\\/\",\"url\":\"https:\\\/\\\/neovum.de\\\/wp-content\\\/uploads\\\/2024\\\/09\\\/neovum-logo-schwarz.png\",\"contentUrl\":\"https:\\\/\\\/neovum.de\\\/wp-content\\\/uploads\\\/2024\\\/09\\\/neovum-logo-schwarz.png\",\"width\":542,\"height\":117,\"caption\":\"neovum\"},\"image\":{\"@id\":\"https:\\\/\\\/neovum.de\\\/es\\\/#\\\/schema\\\/logo\\\/image\\\/\"},\"sameAs\":[\"https:\\\/\\\/www.linkedin.com\\\/company\\\/neovum-solutions\\\/\"]}]}<\/script>\n<!-- \/ Yoast SEO plugin. -->","yoast_head_json":{"title":"Transformaci\u00f3n digital con IA y marketing | neovum","description":"Te apoyamos en tu transformaci\u00f3n digital, con consultor\u00eda digital personalizada, marketing basado en datos y soluciones de IA.","robots":{"index":"noindex","follow":"follow"},"og_locale":"es_ES","og_type":"article","og_title":"Transformaci\u00f3n digital con IA y marketing | neovum","og_description":"Te apoyamos en tu transformaci\u00f3n digital, con consultor\u00eda digital personalizada, marketing basado en datos y soluciones de IA.","og_url":"https:\/\/neovum.de\/es\/pie-de-imprenta\/","og_site_name":"neovum","article_modified_time":"2026-01-11T11:11:09+00:00","twitter_card":"summary_large_image","twitter_misc":{"Tiempo de lectura":"6 minutos"},"schema":{"@context":"https:\/\/schema.org","@graph":[{"@type":"WebPage","@id":"https:\/\/neovum.de\/es\/pie-de-imprenta\/","url":"https:\/\/neovum.de\/es\/pie-de-imprenta\/","name":"Transformaci\u00f3n digital con IA y marketing | neovum","isPartOf":{"@id":"https:\/\/neovum.de\/es\/#website"},"datePublished":"2025-07-06T11:38:48+00:00","dateModified":"2026-01-11T11:11:09+00:00","description":"Te apoyamos en tu transformaci\u00f3n digital, con consultor\u00eda digital personalizada, marketing basado en datos y soluciones de IA.","breadcrumb":{"@id":"https:\/\/neovum.de\/es\/pie-de-imprenta\/#breadcrumb"},"inLanguage":"es","potentialAction":[{"@type":"ReadAction","target":["https:\/\/neovum.de\/es\/pie-de-imprenta\/"]}]},{"@type":"BreadcrumbList","@id":"https:\/\/neovum.de\/es\/pie-de-imprenta\/#breadcrumb","itemListElement":[{"@type":"ListItem","position":1,"name":"Startseite","item":"https:\/\/neovum.de\/es\/"},{"@type":"ListItem","position":2,"name":"Pie de imprenta"}]},{"@type":"WebSite","@id":"https:\/\/neovum.de\/es\/#website","url":"https:\/\/neovum.de\/es\/","name":"neovum","description":"","publisher":{"@id":"https:\/\/neovum.de\/es\/#organization"},"potentialAction":[{"@type":"SearchAction","target":{"@type":"EntryPoint","urlTemplate":"https:\/\/neovum.de\/es\/?s={search_term_string}"},"query-input":{"@type":"PropertyValueSpecification","valueRequired":true,"valueName":"search_term_string"}}],"inLanguage":"es"},{"@type":"Organization","@id":"https:\/\/neovum.de\/es\/#organization","name":"neovum","url":"https:\/\/neovum.de\/es\/","logo":{"@type":"ImageObject","inLanguage":"es","@id":"https:\/\/neovum.de\/es\/#\/schema\/logo\/image\/","url":"https:\/\/neovum.de\/wp-content\/uploads\/2024\/09\/neovum-logo-schwarz.png","contentUrl":"https:\/\/neovum.de\/wp-content\/uploads\/2024\/09\/neovum-logo-schwarz.png","width":542,"height":117,"caption":"neovum"},"image":{"@id":"https:\/\/neovum.de\/es\/#\/schema\/logo\/image\/"},"sameAs":["https:\/\/www.linkedin.com\/company\/neovum-solutions\/"]}]}},"meta_box":[],"_links":{"self":[{"href":"https:\/\/neovum.de\/es\/wp-json\/wp\/v2\/pages\/25994977","targetHints":{"allow":["GET"]}}],"collection":[{"href":"https:\/\/neovum.de\/es\/wp-json\/wp\/v2\/pages"}],"about":[{"href":"https:\/\/neovum.de\/es\/wp-json\/wp\/v2\/types\/page"}],"author":[{"embeddable":true,"href":"https:\/\/neovum.de\/es\/wp-json\/wp\/v2\/users\/1"}],"replies":[{"embeddable":true,"href":"https:\/\/neovum.de\/es\/wp-json\/wp\/v2\/comments?post=25994977"}],"version-history":[{"count":6,"href":"https:\/\/neovum.de\/es\/wp-json\/wp\/v2\/pages\/25994977\/revisions"}],"predecessor-version":[{"id":25995055,"href":"https:\/\/neovum.de\/es\/wp-json\/wp\/v2\/pages\/25994977\/revisions\/25995055"}],"wp:attachment":[{"href":"https:\/\/neovum.de\/es\/wp-json\/wp\/v2\/media?parent=25994977"}],"wp:term":[{"taxonomy":"dipi_cpt_category","embeddable":true,"href":"https:\/\/neovum.de\/es\/wp-json\/wp\/v2\/dipi_cpt_category?post=25994977"}],"curies":[{"name":"wp","href":"https:\/\/api.w.org\/{rel}","templated":true}]}}