{"id":25994943,"date":"2025-07-06T14:04:03","date_gmt":"2025-07-06T12:04:03","guid":{"rendered":"https:\/\/neovum.de\/declaracion-de-accesibilidad\/"},"modified":"2026-01-11T12:11:20","modified_gmt":"2026-01-11T11:11:20","slug":"declaracion-de-accesibilidad","status":"publish","type":"page","link":"https:\/\/neovum.de\/es\/declaracion-de-accesibilidad\/","title":{"rendered":"Declaraci\u00f3n de accesibilidad"},"content":{"rendered":"<p>[et_pb_section fb_built=\u00bb1&#8243; _builder_version=\u00bb4.27.4&#8243; _module_preset=\u00bbdefault\u00bb background_color=\u00bb#ffffff\u00bb background_enable_image=\u00bboff\u00bb background_size=\u00bbcustom\u00bb background_image_width=\u00bb31%\u00bb background_position=\u00bbtop_center\u00bb background_vertical_offset=\u00bb100%\u00bb background_enable_video_mp4=\u00bboff\u00bb custom_margin=\u00bb0px||0px||false|false\u00bb custom_padding=\u00bb5px||0px|||\u00bb locked=\u00bboff\u00bb global_colors_info=\u00bb{}\u00bb][et_pb_row _builder_version=\u00bb4.27.4&#8243; _module_preset=\u00bbdefault\u00bb custom_margin=\u00bb72px||72px||true|false\u00bb global_colors_info=\u00bb{}\u00bb][et_pb_column type=\u00bb4_4&#8243; _builder_version=\u00bb4.27.4&#8243; _module_preset=\u00bbdefault\u00bb global_colors_info=\u00bb{}\u00bb][dipi_dual_heading first_heading=\u00bbDeclaraci\u00f3n sobre accesibilidad\u00bb heading_tag=\u00bbh3&#8243; heading_display=\u00bbcolumn\u00bb fh_style=\u00bbbackground\u00bb fh_background_animation=\u00bbon\u00bb fh_background_animation_speed=\u00bb12&#8243; fh_background_animation_direction=\u00bbdipiBGHorizontal\u00bb fh_background_animation_function=\u00bbease-out\u00bb fh_background_style=\u00bbclipped\u00bb first_heading_color=\u00bb#04005e\u00bb first_heading_enable_image=\u00bboff\u00bb first_heading_position=\u00bbcenter_left\u00bb first_heading_horizontal_offset=\u00bb0%\u00bb fh_padding=\u00bb10px|0px|10px|0px|true|false\u00bb sh_padding=\u00bb0px|0px|10px|0px|false|false\u00bb heading_display_tablet=\u00bb\u00bb heading_display_phone=\u00bbcolumn\u00bb heading_display_last_edited=\u00bbon|desktop\u00bb sh_padding_tablet=\u00bb\u00bb sh_padding_phone=\u00bb\u00bb sh_padding_last_edited=\u00bbon|phone\u00bb _builder_version=\u00bb4.27.4&#8243; _module_preset=\u00bbdefault\u00bb first_heading_font=\u00bb&#8211;et_global_heading_font|600|||||||\u00bb first_heading_text_align=\u00bbleft\u00bb first_heading_text_color=\u00bb#15022A\u00bb first_heading_font_size=\u00bb34px\u00bb first_heading_line_height=\u00bb1em\u00bb second_heading_font=\u00bb&#8211;et_global_body_font|600|||||||\u00bb second_heading_text_align=\u00bbleft\u00bb second_heading_font_size=\u00bb30px\u00bb second_heading_line_height=\u00bb1em\u00bb background_text_text_align=\u00bbcenter\u00bb background_enable_image=\u00bboff\u00bb background_size=\u00bbcontain\u00bb background_position=\u00bbbottom_right\u00bb text_orientation=\u00bbleft\u00bb custom_margin=\u00bb0px||20px||false|false\u00bb custom_padding=\u00bb||||false|false\u00bb first_heading_font_size_tablet=\u00bb34px\u00bb first_heading_font_size_phone=\u00bb26px\u00bb first_heading_font_size_last_edited=\u00bbon|phone\u00bb locked=\u00bboff\u00bb global_colors_info=\u00bb{}\u00bb overlay_bg_color_gradient_type_tablet=\u00bblinear\u00bb overlay_bg_color_gradient_type_phone=\u00bblinear\u00bb overlay_bg_color_gradient_type__hover=\u00bblinear\u00bb image_bg_color_gradient_type__hover=\u00bblinear\u00bb custom_padding__hover_enabled=\u00bbon|desktop\u00bb custom_padding__hover=\u00bb||||false|false\u00bb][\/dipi_dual_heading][et_pb_text disabled_on=\u00bboff|off|off\u00bb _builder_version=\u00bb4.27.4&#8243; _module_preset=\u00bbdefault\u00bb text_text_color=\u00bb#040057&#8243; header_font=\u00bbMontserrat||||||||\u00bb header_font_size=\u00bb14px\u00bb custom_margin=\u00bb20px||0px||false|false\u00bb locked=\u00bboff\u00bb global_colors_info=\u00bb{}\u00bb]<\/p>\n<p style=\"text-align: left;\">Estado: 2025<\/p>\n<p>[\/et_pb_text][et_pb_text disabled_on=\u00bboff|off|off\u00bb _builder_version=\u00bb4.27.4&#8243; _module_preset=\u00bbdefault\u00bb text_text_color=\u00bb#040057&#8243; header_font=\u00bbMontserrat||||||||\u00bb header_font_size=\u00bb14px\u00bb custom_margin=\u00bb20px||0px||false|false\u00bb locked=\u00bboff\u00bb global_colors_info=\u00bb{}\u00bb]<\/p>\n<p style=\"text-align: left;\">1. introducci\u00f3n<\/p>\n<p>[\/et_pb_text][et_pb_text disabled_on=\u00bboff|off|off\u00bb _builder_version=\u00bb4.27.4&#8243; _module_preset=\u00bbdefault\u00bb text_font=\u00bb|300|||||||\u00bb text_text_color=\u00bb#040557&#8243; custom_margin=\u00bb0px||0px||false|false\u00bb custom_padding=\u00bb6px|||||\u00bb locked=\u00bboff\u00bb global_colors_info=\u00bb{}\u00bb]<\/p>\n<p><span>NEOVUM SOLUTIONS SL<\/span> se esfuerza por hacer accesible su sitio web, incluidas todas las subp\u00e1ginas, de acuerdo con la Ley alemana de Mejora de la Accesibilidad (BFSG). Esta declaraci\u00f3n sobre accesibilidad se aplica a todo el contenido web publicado a continuaci\u00f3n. <\/p>\n<p>[\/et_pb_text][et_pb_text disabled_on=\u00bboff|off|off\u00bb _builder_version=\u00bb4.27.4&#8243; _module_preset=\u00bbdefault\u00bb text_text_color=\u00bb#040057&#8243; header_font=\u00bbMontserrat||||||||\u00bb header_font_size=\u00bb14px\u00bb custom_margin=\u00bb20px||0px||false|false\u00bb locked=\u00bboff\u00bb global_colors_info=\u00bb{}\u00bb]<\/p>\n<p style=\"text-align: left;\">2. estado de compatibilidad con los requisitos<\/p>\n<p>[\/et_pb_text][et_pb_text disabled_on=\u00bboff|off|off\u00bb _builder_version=\u00bb4.27.4&#8243; _module_preset=\u00bbdefault\u00bb text_font=\u00bb|300|||||||\u00bb text_text_color=\u00bb#040557&#8243; custom_margin=\u00bb0px||0px||false|false\u00bb custom_padding=\u00bb6px|||||\u00bb locked=\u00bboff\u00bb global_colors_info=\u00bb{}\u00bb]<\/p>\n<p>Nuestro sitio web cumple plenamente la Ley de Refuerzo de la Accesibilidad (BFSG) sin ninguna adaptaci\u00f3n.<\/p>\n<p>Si encuentras alg\u00fan obst\u00e1culo, en la esquina inferior izquierda de la pantalla est\u00e1 disponible nuestro men\u00fa de accesibilidad, que puedes utilizar para personalizar t\u00fa mismo casi todos los contenidos; haz clic en \u00e9l para encontrarlo:<\/p>\n<p><img decoding=\"async\" src=\"http:\/\/neovum.at\/wp-content\/uploads\/2025\/07\/barrierefreiheit.png\" width=\"43\" height=\"46\" alt=\"\" class=\"wp-image-25992155 alignnone size-full\"><\/p>\n<p>[\/et_pb_text][et_pb_text disabled_on=\u00bboff|off|off\u00bb _builder_version=\u00bb4.27.4&#8243; _module_preset=\u00bbdefault\u00bb text_text_color=\u00bb#040057&#8243; header_font=\u00bbMontserrat||||||||\u00bb header_font_size=\u00bb14px\u00bb custom_margin=\u00bb20px||0px||false|false\u00bb locked=\u00bboff\u00bb global_colors_info=\u00bb{}\u00bb]<\/p>\n<p style=\"text-align: left;\">3. informa de cualquier barrera, opini\u00f3n y contacto<\/p>\n<p>[\/et_pb_text][et_pb_text disabled_on=\u00bboff|off|off\u00bb _builder_version=\u00bb4.27.4&#8243; _module_preset=\u00bbdefault\u00bb text_font=\u00bb|300|||||||\u00bb text_text_color=\u00bb#040557&#8243; custom_margin=\u00bb0px||0px||false|false\u00bb custom_padding=\u00bb6px|||||\u00bb locked=\u00bboff\u00bb global_colors_info=\u00bb{}\u00bb]<\/p>\n<p>Si observas alg\u00fan obst\u00e1culo, \u00a1haznos llegar tus comentarios!<br \/>Puedes ponerte en contacto con nosotros en la siguiente direcci\u00f3n de correo electr\u00f3nico: <a href=\"mailto:ba**********@****um.at\" data-original-string=\"uuLZOFH1e+9ckPmypcJ1NQ==b99q6+tf+0MY4DKIFuYbgiqIPM7pk9vtcBHlZtxRy66UJs=\" title=\"Este contacto ha sido codificado por Anti-Spam by CleanTalk. Haz clic para decodificar. Para finalizar la decodificaci\u00f3n, aseg\u00farate de que JavaScript est\u00e1 activado en tu navegador.\"><span \n                data-original-string='hqU\/EC\/1FORWEKT4ECJeLg==b99\/sfGFqGbORJvz3wgIwtM2eT\/KdcmllKztYzSazLyNgQ='\n                class='apbct-email-encoder'\n                title='Este contacto ha sido codificado por Anti-Spam by CleanTalk. Haz clic para decodificar. Para finalizar la decodificaci\u00f3n, aseg\u00farate de que JavaScript est\u00e1 activado en tu navegador.'>ba<span class=\"apbct-blur\">**********<\/span>@<span class=\"apbct-blur\">****<\/span>um.de<\/span><\/a><\/p>\n<p>[\/et_pb_text][\/et_pb_column][\/et_pb_row][\/et_pb_section]<\/p>\n","protected":false},"excerpt":{"rendered":"<p><div class=\"et_pb_module dipi_dual_heading dipi_dual_heading_0\">\n\t\t\t\t\n\t\t\t\t\n\t\t\t\t\n\t\t\t\t\n\t\t\t\t\n\t\t\t\t\n\t\t\t\t<div class=\"et_pb_module_inner\">\n\t\t\t\t\t\n                <div class=\"dipi-dual-heading \">\n                    <h3 class=\"dipi-dh-main\">\n                        <span class=\"dipi-dh-first-heading\">\n                            <span class=\"dipi-dh-animation-container\">\n                                <span class=\"dipi-dh-bg-container\">\n                                    Declaraci\u00f3n sobre accesibilidad\n                                <\/span>\n                            <\/span>\n                        <\/span>\n                        <span class=\"dipi-dh-second-heading\">\n                            <span class=\"dipi-dh-animation-container\">\n                                <span class=\"dipi-dh-bg-container\">\n                                    \n                                <\/span>\n                            <\/span>\n                        <\/span>\n                    <\/h3>\n                <\/div>\n\t\t\t\t<\/div>\n\t\t\t<\/div>Estado: 20251. introducci\u00f3nNEOVUM [&hellip;]<\/p>\n","protected":false},"author":1,"featured_media":0,"parent":0,"menu_order":0,"comment_status":"closed","ping_status":"closed","template":"","meta":{"_et_pb_use_builder":"on","_et_pb_old_content":"","_et_gb_content_width":"","footnotes":""},"dipi_cpt_category":[],"class_list":["post-25994943","page","type-page","status-publish","hentry"],"yoast_head":"<!-- This site is optimized with the Yoast SEO plugin v27.3 - https:\/\/yoast.com\/product\/yoast-seo-wordpress\/ -->\n<title>Transformaci\u00f3n digital con IA y marketing | neovum<\/title>\n<meta name=\"description\" content=\"Te apoyamos en tu transformaci\u00f3n digital, con consultor\u00eda digital personalizada, marketing basado en datos y soluciones de IA.\" \/>\n<meta name=\"robots\" content=\"noindex, follow\" \/>\n<meta property=\"og:locale\" content=\"es_ES\" \/>\n<meta property=\"og:type\" content=\"article\" \/>\n<meta property=\"og:title\" content=\"Transformaci\u00f3n digital con IA y marketing | neovum\" \/>\n<meta property=\"og:description\" content=\"Te apoyamos en tu transformaci\u00f3n digital, con consultor\u00eda digital personalizada, marketing basado en datos y soluciones de IA.\" \/>\n<meta property=\"og:url\" content=\"https:\/\/neovum.de\/es\/declaracion-de-accesibilidad\/\" \/>\n<meta property=\"og:site_name\" content=\"neovum\" \/>\n<meta property=\"article:modified_time\" content=\"2026-01-11T11:11:20+00:00\" \/>\n<meta property=\"og:image\" content=\"http:\/\/neovum.at\/wp-content\/uploads\/2025\/07\/barrierefreiheit.png\" \/>\n<meta name=\"twitter:card\" content=\"summary_large_image\" \/>\n<meta name=\"twitter:label1\" content=\"Tiempo de lectura\" \/>\n\t<meta name=\"twitter:data1\" content=\"4 minutos\" \/>\n<script type=\"application\/ld+json\" class=\"yoast-schema-graph\">{\"@context\":\"https:\\\/\\\/schema.org\",\"@graph\":[{\"@type\":\"WebPage\",\"@id\":\"https:\\\/\\\/neovum.de\\\/es\\\/declaracion-de-accesibilidad\\\/\",\"url\":\"https:\\\/\\\/neovum.de\\\/es\\\/declaracion-de-accesibilidad\\\/\",\"name\":\"Transformaci\u00f3n digital con IA y marketing | neovum\",\"isPartOf\":{\"@id\":\"https:\\\/\\\/neovum.de\\\/es\\\/#website\"},\"primaryImageOfPage\":{\"@id\":\"https:\\\/\\\/neovum.de\\\/es\\\/declaracion-de-accesibilidad\\\/#primaryimage\"},\"image\":{\"@id\":\"https:\\\/\\\/neovum.de\\\/es\\\/declaracion-de-accesibilidad\\\/#primaryimage\"},\"thumbnailUrl\":\"http:\\\/\\\/neovum.at\\\/wp-content\\\/uploads\\\/2025\\\/07\\\/barrierefreiheit.png\",\"datePublished\":\"2025-07-06T12:04:03+00:00\",\"dateModified\":\"2026-01-11T11:11:20+00:00\",\"description\":\"Te apoyamos en tu transformaci\u00f3n digital, con consultor\u00eda digital personalizada, marketing basado en datos y soluciones de IA.\",\"breadcrumb\":{\"@id\":\"https:\\\/\\\/neovum.de\\\/es\\\/declaracion-de-accesibilidad\\\/#breadcrumb\"},\"inLanguage\":\"es\",\"potentialAction\":[{\"@type\":\"ReadAction\",\"target\":[\"https:\\\/\\\/neovum.de\\\/es\\\/declaracion-de-accesibilidad\\\/\"]}]},{\"@type\":\"ImageObject\",\"inLanguage\":\"es\",\"@id\":\"https:\\\/\\\/neovum.de\\\/es\\\/declaracion-de-accesibilidad\\\/#primaryimage\",\"url\":\"http:\\\/\\\/neovum.at\\\/wp-content\\\/uploads\\\/2025\\\/07\\\/barrierefreiheit.png\",\"contentUrl\":\"http:\\\/\\\/neovum.at\\\/wp-content\\\/uploads\\\/2025\\\/07\\\/barrierefreiheit.png\"},{\"@type\":\"BreadcrumbList\",\"@id\":\"https:\\\/\\\/neovum.de\\\/es\\\/declaracion-de-accesibilidad\\\/#breadcrumb\",\"itemListElement\":[{\"@type\":\"ListItem\",\"position\":1,\"name\":\"Startseite\",\"item\":\"https:\\\/\\\/neovum.de\\\/es\\\/\"},{\"@type\":\"ListItem\",\"position\":2,\"name\":\"Declaraci\u00f3n de accesibilidad\"}]},{\"@type\":\"WebSite\",\"@id\":\"https:\\\/\\\/neovum.de\\\/es\\\/#website\",\"url\":\"https:\\\/\\\/neovum.de\\\/es\\\/\",\"name\":\"neovum\",\"description\":\"\",\"publisher\":{\"@id\":\"https:\\\/\\\/neovum.de\\\/es\\\/#organization\"},\"potentialAction\":[{\"@type\":\"SearchAction\",\"target\":{\"@type\":\"EntryPoint\",\"urlTemplate\":\"https:\\\/\\\/neovum.de\\\/es\\\/?s={search_term_string}\"},\"query-input\":{\"@type\":\"PropertyValueSpecification\",\"valueRequired\":true,\"valueName\":\"search_term_string\"}}],\"inLanguage\":\"es\"},{\"@type\":\"Organization\",\"@id\":\"https:\\\/\\\/neovum.de\\\/es\\\/#organization\",\"name\":\"neovum\",\"url\":\"https:\\\/\\\/neovum.de\\\/es\\\/\",\"logo\":{\"@type\":\"ImageObject\",\"inLanguage\":\"es\",\"@id\":\"https:\\\/\\\/neovum.de\\\/es\\\/#\\\/schema\\\/logo\\\/image\\\/\",\"url\":\"https:\\\/\\\/neovum.de\\\/wp-content\\\/uploads\\\/2024\\\/09\\\/neovum-logo-schwarz.png\",\"contentUrl\":\"https:\\\/\\\/neovum.de\\\/wp-content\\\/uploads\\\/2024\\\/09\\\/neovum-logo-schwarz.png\",\"width\":542,\"height\":117,\"caption\":\"neovum\"},\"image\":{\"@id\":\"https:\\\/\\\/neovum.de\\\/es\\\/#\\\/schema\\\/logo\\\/image\\\/\"},\"sameAs\":[\"https:\\\/\\\/www.linkedin.com\\\/company\\\/neovum-solutions\\\/\"]}]}<\/script>\n<!-- \/ Yoast SEO plugin. -->","yoast_head_json":{"title":"Transformaci\u00f3n digital con IA y marketing | neovum","description":"Te apoyamos en tu transformaci\u00f3n digital, con consultor\u00eda digital personalizada, marketing basado en datos y soluciones de IA.","robots":{"index":"noindex","follow":"follow"},"og_locale":"es_ES","og_type":"article","og_title":"Transformaci\u00f3n digital con IA y marketing | neovum","og_description":"Te apoyamos en tu transformaci\u00f3n digital, con consultor\u00eda digital personalizada, marketing basado en datos y soluciones de IA.","og_url":"https:\/\/neovum.de\/es\/declaracion-de-accesibilidad\/","og_site_name":"neovum","article_modified_time":"2026-01-11T11:11:20+00:00","og_image":[{"url":"http:\/\/neovum.at\/wp-content\/uploads\/2025\/07\/barrierefreiheit.png","type":"","width":"","height":""}],"twitter_card":"summary_large_image","twitter_misc":{"Tiempo de lectura":"4 minutos"},"schema":{"@context":"https:\/\/schema.org","@graph":[{"@type":"WebPage","@id":"https:\/\/neovum.de\/es\/declaracion-de-accesibilidad\/","url":"https:\/\/neovum.de\/es\/declaracion-de-accesibilidad\/","name":"Transformaci\u00f3n digital con IA y marketing | neovum","isPartOf":{"@id":"https:\/\/neovum.de\/es\/#website"},"primaryImageOfPage":{"@id":"https:\/\/neovum.de\/es\/declaracion-de-accesibilidad\/#primaryimage"},"image":{"@id":"https:\/\/neovum.de\/es\/declaracion-de-accesibilidad\/#primaryimage"},"thumbnailUrl":"http:\/\/neovum.at\/wp-content\/uploads\/2025\/07\/barrierefreiheit.png","datePublished":"2025-07-06T12:04:03+00:00","dateModified":"2026-01-11T11:11:20+00:00","description":"Te apoyamos en tu transformaci\u00f3n digital, con consultor\u00eda digital personalizada, marketing basado en datos y soluciones de IA.","breadcrumb":{"@id":"https:\/\/neovum.de\/es\/declaracion-de-accesibilidad\/#breadcrumb"},"inLanguage":"es","potentialAction":[{"@type":"ReadAction","target":["https:\/\/neovum.de\/es\/declaracion-de-accesibilidad\/"]}]},{"@type":"ImageObject","inLanguage":"es","@id":"https:\/\/neovum.de\/es\/declaracion-de-accesibilidad\/#primaryimage","url":"http:\/\/neovum.at\/wp-content\/uploads\/2025\/07\/barrierefreiheit.png","contentUrl":"http:\/\/neovum.at\/wp-content\/uploads\/2025\/07\/barrierefreiheit.png"},{"@type":"BreadcrumbList","@id":"https:\/\/neovum.de\/es\/declaracion-de-accesibilidad\/#breadcrumb","itemListElement":[{"@type":"ListItem","position":1,"name":"Startseite","item":"https:\/\/neovum.de\/es\/"},{"@type":"ListItem","position":2,"name":"Declaraci\u00f3n de accesibilidad"}]},{"@type":"WebSite","@id":"https:\/\/neovum.de\/es\/#website","url":"https:\/\/neovum.de\/es\/","name":"neovum","description":"","publisher":{"@id":"https:\/\/neovum.de\/es\/#organization"},"potentialAction":[{"@type":"SearchAction","target":{"@type":"EntryPoint","urlTemplate":"https:\/\/neovum.de\/es\/?s={search_term_string}"},"query-input":{"@type":"PropertyValueSpecification","valueRequired":true,"valueName":"search_term_string"}}],"inLanguage":"es"},{"@type":"Organization","@id":"https:\/\/neovum.de\/es\/#organization","name":"neovum","url":"https:\/\/neovum.de\/es\/","logo":{"@type":"ImageObject","inLanguage":"es","@id":"https:\/\/neovum.de\/es\/#\/schema\/logo\/image\/","url":"https:\/\/neovum.de\/wp-content\/uploads\/2024\/09\/neovum-logo-schwarz.png","contentUrl":"https:\/\/neovum.de\/wp-content\/uploads\/2024\/09\/neovum-logo-schwarz.png","width":542,"height":117,"caption":"neovum"},"image":{"@id":"https:\/\/neovum.de\/es\/#\/schema\/logo\/image\/"},"sameAs":["https:\/\/www.linkedin.com\/company\/neovum-solutions\/"]}]}},"meta_box":[],"_links":{"self":[{"href":"https:\/\/neovum.de\/es\/wp-json\/wp\/v2\/pages\/25994943","targetHints":{"allow":["GET"]}}],"collection":[{"href":"https:\/\/neovum.de\/es\/wp-json\/wp\/v2\/pages"}],"about":[{"href":"https:\/\/neovum.de\/es\/wp-json\/wp\/v2\/types\/page"}],"author":[{"embeddable":true,"href":"https:\/\/neovum.de\/es\/wp-json\/wp\/v2\/users\/1"}],"replies":[{"embeddable":true,"href":"https:\/\/neovum.de\/es\/wp-json\/wp\/v2\/comments?post=25994943"}],"version-history":[{"count":4,"href":"https:\/\/neovum.de\/es\/wp-json\/wp\/v2\/pages\/25994943\/revisions"}],"predecessor-version":[{"id":25995058,"href":"https:\/\/neovum.de\/es\/wp-json\/wp\/v2\/pages\/25994943\/revisions\/25995058"}],"wp:attachment":[{"href":"https:\/\/neovum.de\/es\/wp-json\/wp\/v2\/media?parent=25994943"}],"wp:term":[{"taxonomy":"dipi_cpt_category","embeddable":true,"href":"https:\/\/neovum.de\/es\/wp-json\/wp\/v2\/dipi_cpt_category?post=25994943"}],"curies":[{"name":"wp","href":"https:\/\/api.w.org\/{rel}","templated":true}]}}